{"id":453,"date":"2024-02-12T09:08:24","date_gmt":"2024-02-12T09:08:24","guid":{"rendered":"http:\/\/kinderperspectief.burovloed.nl\/?page_id=453"},"modified":"2024-07-18T12:45:01","modified_gmt":"2024-07-18T12:45:01","slug":"homepage","status":"publish","type":"page","link":"https:\/\/www.kinderperspectief.nl\/en\/","title":{"rendered":"Homepage"},"content":{"rendered":"\r\n\r\n<div class=\"z-[-1] -mt-48 relative vloed-blok clipper   header-blok bg-blauw\">\r\n    <div class=\"absolute z-20 mix-blend-multiply bg-[#4f3e35]\/25 w-full h-full\"><\/div>\r\n\r\n\r\n    <div class=\"flex flex-col relative  overflow-hidden  min-h-[85vh]  mx-auto \">\r\n\r\n        <div class=\"anchor\" id=\"\"><\/div>\r\n                    <img decoding=\"async\" loading=\"lazy\" class=\"h-full w-full object-cover z-10 absolute\"\r\n                 src=\"https:\/\/www.kinderperspectief.nl\/wp-content\/uploads\/2024\/07\/iStock-1169203410-1600x1067.jpg\" alt=\"\">\r\n\r\n        \r\n\r\n\r\n            \r\n                <div class=\"flex-grow items-end  flex lg:container lg:max-w-screen-lg lg:mx-auto w-auto pt-72 md:pt-80 px-6 z-30 relative\">\r\n\r\n                    <div class=\" grid gap-y-8 grid-cols-12\">\r\n\r\n                        <div class=\"lg:col-span-8 col-span-10 pb-16 lg:pb-24\">\r\n\r\n                            <h1 class=\"text-h1 uppercase text-white mb-2 \">Horizon&shy;verbreders<\/h1>\r\n                            <div class=\"text-h2 !font-semibold uppercase text-white\">Voor kinderen, jongeren en professionals uit de jeugdhulp <\/div>\r\n\r\n                        <\/div>\r\n\r\n\r\n                    <\/div>\r\n                <\/div>\r\n                    <\/div>\r\n\r\n\r\n    <\/div>\r\n\r\n\r\n\r\n\r\n\r\n\n\n\r\n<div class=\"relative\">\r\n<div class=\"  vloed-blok clipper   intro-blok relative overflow-hidden w-full h-full bg-wit wit text-donkerblauw \">\r\n\r\n    \r\n\r\n    <div data-para=\"-1.33\" data-rotate=\"0.09\" class=\"parallax-element z-10 absolute top-[15%] -left-[400px] w-[700px]  md:w-[800px] lg:w-[900px] h-auto aspect-square  \">\r\n        <img decoding=\"async\" class=\" w-full h-full \"\r\n             src=\"https:\/\/www.kinderperspectief.nl\/wp-content\/themes\/kinderperspectief\/images\/vlek-geel.svg\"\/>\r\n    <\/div>\r\n\r\n\r\n\r\n\r\n\r\n<div data-para=\"-0.93\" class=\"hidden md:block z-10  parallax-element z-10 absolute -right-32 lg:-right-8 top-8  \">\r\n    <img decoding=\"async\" class=\" w-full h-full \"\r\n         src=\"https:\/\/www.kinderperspectief.nl\/wp-content\/themes\/kinderperspectief\/images\/stippellijn.svg\"\/>\r\n<\/div>\r\n\r\n\r\n\r\n\r\n\r\n\r\n    <div class=\"anchor\" id=\"\"><\/div>\r\n\r\n\r\n    <div class=\"relative z-20 lg:container lg:mx-auto w-auto lg:max-w-screen-lg px-6 padding padding-top-1 padding-bottom-1\">\r\n\r\n        <div class=\"grid  grid-cols-12\">\r\n            <div class=\"col-span-10 md:col-span-8 lg:col-span-8 md:col-start-3  lg:col-start-3  \">\r\n\r\n                                    <h1 class=\"text-h2\">\r\n                        Wij zijn kinderperspectief                    <\/h1>\r\n                \r\n\r\n                <\/h2>\r\n                <div class=\"p-big\"><p>Horizonverbreders voor kinderen, jongeren en professionals uit de jeugdhulp. Onze ontmoetingen en tools geven kinderen en jongeren zicht op de volgende stap in hun leven en zorgprofessionals een andere kijk op hun werk.<\/p>\n<\/div>\r\n                <p style=\"text-align: right\"><a class=\"knop\" href=\"https:\/\/www.kinderperspectief.nl\/samenwerkwijze\/\">Lees meer<\/a><\/p>\n<p>&nbsp;<\/p>\n                \r\n            <\/div>\r\n        <\/div>\r\n\r\n    <\/div>\r\n<\/div>\r\n\r\n<div class=\"text-center h-0 absolute bottom-28 lg:bottom-36 relative z-30\">\r\n    <h2 style=\"text-align: center\"><span style=\"text-decoration: underline\">zo doen wij dat<\/span><\/h2>\n<\/div>\r\n<\/div>\n\n\r\n\r\n<div class=\"vloed-blok clipper   tweekolommen-blok    relative overflow-hidden w-full h-full bg-blauw blauw text-wit \">\r\n        <div class=\"anchor\" id=\"\"><\/div>\r\n    <div class=\"relative z-20 lg:container lg:mx-auto lg:max-w-screen-lg w-auto px-6 padding padding-top-1 padding-bottom-1\">\r\n\r\n                    <h2 class=\"!text-donkerblauw text-center \">Tools &#038; ontmoetingen voor:<\/h2>\r\n        \r\n        <div class=\"grid md:grid-cols-12  gap-8 lg:gap-16 \">\r\n\r\n            <div class=\"lg:col-start-2 lg:col-span-5 md:col-span-6  \">\r\n\r\n                <h3>Kinderen en jongeren<\/h3>\n<p><span style=\"font-weight: 400\">Onze op maat gemaakte, innovatieve tools ondersteunen kinderen en jongeren bij de volgende stap in hun leven. Denk aan een app die helpt bij zelfstandigheid. Of een spel die jongeren motiveert na te denken over hun kwaliteiten of over hun toekomst. Tijdens Kinderperspectief Labs en Camps ontmoeten jongeren elkaar, werken ze aan hun toekomst en delen ze kennis waarmee wij de jeugdzorg helpen ontwikkelen. <\/span><\/p>\n<p style=\"text-align: right\"><a class=\"knop alt\" href=\"https:\/\/www.kinderperspectief.nl\/projecten\/?doelgroep=jongere\">ONTDEK MEER<\/a><\/p>\n\r\n            <\/div>\r\n\r\n            <div class=\"lg:col-span-5  md:col-span-6    \">\r\n                <h3>Zorgprofessionals<\/h3>\n<p><span style=\"font-weight: 400\">Onze internationale, on- en offline ontmoetingen zijn gericht op het delen van kennis en ervaringen \u00e9n het ervaren van elkaars werkpraktijk. Onze tools helpen jou bij je werk. Denk aan een app waarmee jij de jongere optimaal ondersteunt op weg naar zelfstandigheid. Of een themaspel waarmee je spelenderwijs moeilijke onderwerpen bespreekbaar maakt of samen op zoek gaat naar de toekomst die bij jouw jongere past. <\/span><\/p>\n<p style=\"text-align: right\"><a class=\"knop alt\" href=\"https:\/\/www.kinderperspectief.nl\/projecten\/\">Ontdek meer<\/a><\/p>\n\r\n            <\/div>\r\n\r\n        <\/div>\r\n\r\n\r\n    <\/div>\r\n<\/div>\n\n\r\n<div class=\"vloed-blok clipper  nieuws-blok  relative overflow-hidden w-full h-full bg-groen groen \">\r\n\r\n            <img decoding=\"async\" loading=\"lazy\" class=\"z-10 absolute top-0 left-0 w-full h-full object-cover grayscale mix-blend-soft-light\"\r\n             src=\"https:\/\/www.kinderperspectief.nl\/wp-content\/uploads\/2024\/04\/homepage2-1600x1024.jpg\" alt=\"\">\r\n    \r\n    <div class=\"anchor\" id=\"\"><\/div>\r\n    <div class=\"relative z-20 lg:container lg:mx-auto lg:max-w-screen-lg w-auto px-6 padding padding-top-1 padding-bottom-1\">\r\n\r\n        <h2>\r\n\r\n            Nieuws <\/h2>\r\n\r\n        \r\n\r\n\r\n\r\n        \r\n        \r\n            <div class=\"lg:grid lg:gap-6 lg:grid-cols-12\">\r\n\r\n                <div class=\"swiper overflow-visible swiper-nieuws lg:contents relative -mx-3 lg:mx-0\">\r\n                    <div class=\"swiper-wrapper overflow-visible pt-2 pb-8 lg:contents\">\r\n\r\n                        \r\n                            <div class=\"swiper-slide h-auto xs:w-11\/12 w-4\/5 md:w-2\/5 lg:w-auto px-3 lg:px-0 lg:col-span-4 group mb-4 \">\r\n\r\n                                <div class=\"relative rounded-lg overflow-hidden bg-white transition-all hover:bg-donkerblauw h-full group\">\r\n\r\n    <a href=\"https:\/\/www.kinderperspectief.nl\/en\/nieuws\/met-build-up-naar-zagreb-carlijns-ervaring-in-kroatie\/ \" class=\"block-link\"><\/a>\r\n\r\n    <div class=\"h-full z-20 relative p-8 flex flex-col group-hover:text-white\">\r\n        <img decoding=\"async\" loading=\"lazy\" class=\"mb-4 rounded-lg h-40 w-full object-cover overflow-hidden\" src=\"https:\/\/www.kinderperspectief.nl\/wp-content\/uploads\/2025\/08\/zagreb-1024x768.jpg\" alt=\"\">\r\n\r\n        <p class=\"mb-2 text-donkerblauw group-hover:text-white \">6 August 2025<\/p>\r\n        <p class=\"grow text-h4 mb-2 text-groen  font-bold line-clamp-3 \">Met Build Up naar Zagreb: Carlijns ervaring in Kroati\u00eb<\/p>\r\n        <div class=\" flex gap-4 items-end\">\r\n            <p class=\"line-clamp-5 mb-0 text-donkerblauw group-hover:text-white\">\r\n                Kinderperspectief is partner in een meerjarig Erasmus+ project gericht op het verbeteren van de ondersteuning voor jongeren die de jeugdzorg verlaten (careleavers). In dit project werken we samen met drie organisaties: Cepora en Zve\u010danska uit Servi\u00eb, en Udruga Igra uit Kroati\u00eb. Het eerste projectjaar staat in het teken van werkbezoeken: professionals bezoeken elkaars organisaties om&hellip;            <\/p>\r\n            <img decoding=\"async\" class=\"w-7 h-auto \"\r\n                 src=\"https:\/\/www.kinderperspectief.nl\/wp-content\/themes\/kinderperspectief\/images\/arrow-groen.svg\"\/>\r\n\r\n        <\/div>\r\n\r\n\r\n    <\/div>\r\n\r\n<\/div>\r\n\r\n                            <\/div>\r\n\r\n\r\n                        \r\n                            <div class=\"swiper-slide h-auto xs:w-11\/12 w-4\/5 md:w-2\/5 lg:w-auto px-3 lg:px-0 lg:col-span-4 group mb-4 \">\r\n\r\n                                <div class=\"relative rounded-lg overflow-hidden bg-white transition-all hover:bg-donkerblauw h-full group\">\r\n\r\n    <a href=\"https:\/\/www.kinderperspectief.nl\/en\/nieuws\/kwikstart-infosessies-voor-gemeenten\/ \" class=\"block-link\"><\/a>\r\n\r\n    <div class=\"h-full z-20 relative p-8 flex flex-col group-hover:text-white\">\r\n        <img decoding=\"async\" loading=\"lazy\" class=\"mb-4 rounded-lg h-40 w-full object-cover overflow-hidden\" src=\"https:\/\/www.kinderperspectief.nl\/wp-content\/uploads\/2024\/03\/Bas-Kwikstart-e1714723197545-1024x554.jpg\" alt=\"\">\r\n\r\n        <p class=\"mb-2 text-donkerblauw group-hover:text-white \">1 May 2025<\/p>\r\n        <p class=\"grow text-h4 mb-2 text-groen  font-bold line-clamp-3 \">Kwikstart infosessies voor gemeenten<\/p>\r\n        <div class=\" flex gap-4 items-end\">\r\n            <p class=\"line-clamp-5 mb-0 text-donkerblauw group-hover:text-white\">\r\n                Wil jouw gemeente jongeren beter ondersteunen bij hun stap naar volwassenheid? Ontdek wat Kwikstart voor jullie kan betekenen tijdens een van de vrijblijvende online informatiesessies. Meer dan 100 gemeenten zijn inmiddels aangesloten bij Kwikstart. Via dit platform bieden zij lokale informatie aan jongeren die (bijna) 18 jaar worden. Denk aan zaken als zorg, inkomen, wonen,&hellip;            <\/p>\r\n            <img decoding=\"async\" class=\"w-7 h-auto \"\r\n                 src=\"https:\/\/www.kinderperspectief.nl\/wp-content\/themes\/kinderperspectief\/images\/arrow-groen.svg\"\/>\r\n\r\n        <\/div>\r\n\r\n\r\n    <\/div>\r\n\r\n<\/div>\r\n\r\n                            <\/div>\r\n\r\n\r\n                        \r\n                            <div class=\"swiper-slide h-auto xs:w-11\/12 w-4\/5 md:w-2\/5 lg:w-auto px-3 lg:px-0 lg:col-span-4 group mb-4 \">\r\n\r\n                                <div class=\"relative rounded-lg overflow-hidden bg-white transition-all hover:bg-donkerblauw h-full group\">\r\n\r\n    <a href=\"https:\/\/www.kinderperspectief.nl\/en\/nieuws\/1639\/ \" class=\"block-link\"><\/a>\r\n\r\n    <div class=\"h-full z-20 relative p-8 flex flex-col group-hover:text-white\">\r\n        <img decoding=\"async\" loading=\"lazy\" class=\"mb-4 rounded-lg h-40 w-full object-cover overflow-hidden\" src=\"https:\/\/www.kinderperspectief.nl\/wp-content\/uploads\/2025\/05\/9Y8A0445-1024x700.jpg\" alt=\"\">\r\n\r\n        <p class=\"mb-2 text-donkerblauw group-hover:text-white \">1 May 2025<\/p>\r\n        <p class=\"grow text-h4 mb-2 text-groen  font-bold line-clamp-3 \">Academy study visit Bosnian professionals > apply now!<\/p>\r\n        <div class=\" flex gap-4 items-end\">\r\n            <p class=\"line-clamp-5 mb-0 text-donkerblauw group-hover:text-white\">\r\n                            <\/p>\r\n            <img decoding=\"async\" class=\"w-7 h-auto \"\r\n                 src=\"https:\/\/www.kinderperspectief.nl\/wp-content\/themes\/kinderperspectief\/images\/arrow-groen.svg\"\/>\r\n\r\n        <\/div>\r\n\r\n\r\n    <\/div>\r\n\r\n<\/div>\r\n\r\n                            <\/div>\r\n\r\n\r\n                        \r\n                    <\/div>\r\n\r\n\r\n                    <div class=\"swiper-button-next lg:hidden up\"><\/div>\r\n                    <div class=\"swiper-button-prev lg:hidden up\"><\/div>\r\n\r\n\r\n\r\n                <\/div>\r\n\r\n\r\n            <\/div>\r\n\r\n\r\n            <div class=\"mt-8 flex justify-end\">\r\n                <a href=\"\/nieuws\" class=\"knop\">Alle berichten<\/a>\r\n            <\/div>\r\n\r\n\r\n        \r\n\r\n\r\n\r\n        \r\n    <\/div>\r\n<\/div>\r\n\r\n\r\n\r\n\r\n\r\n\r\n\r\n\r\n\r\n<script type=\"module\">\r\n    const swiper = new Swiper(\".swiper-nieuws\", {\r\n        slidesPerView: \"auto\",\r\n        loop: false,\r\n        autoplay: false,\r\n        navigation: {\r\n            nextEl: \".swiper-button-next\",\r\n            prevEl: \".swiper-button-prev\",\r\n        },\r\n        grabCursor: true,\r\n\r\n    });\r\n<\/script>\r\n\r\n\n\n\r\n<div class=\"  vloed-blok clipper   tekst-blok relative overflow-hidden w-full h-full bg-white \">\r\n\r\n    <img decoding=\"async\" loading=\"lazy\" class=\"z-10 absolute top-0 left-0 w-full h-full object-cover bg-left\"\r\n         src=\"https:\/\/www.kinderperspectief.nl\/wp-content\/themes\/kinderperspectief\/images\/bg-reviews.svg\">\r\n\r\n\r\n    <div class=\"anchor\" id=\"\"><\/div>\r\n    <div class=\"z-20 relative lg:container lg:mx-auto w-auto lg:max-w-screen-lg px-6 padding padding-top-1 padding-bottom-1\">\r\n\r\n        <div class=\"grid gap-y-8 lg:grid-cols-12 grid-cols-1\">\r\n\r\n            <div class=\" lg:col-span-8 lg:col-start-3 py-16 \">\r\n\r\n\r\n                <h2 class=\"text-center\">\r\n\r\n                    anderen over ons <\/h2>\r\n\r\n\r\n\r\n\r\n\r\n                                <div class=\"swiper swiper-testimonials \">\r\n                    <div class=\"swiper-wrapper \">\r\n                        \r\n\r\n\r\n                            <div class=\"swiper-slide w-full px-16 text-md\">\r\n                               <p class=\"text-center\">\r\n                                   \u201cThe people who run this organization are truly phenomenal.\r\nThere is first of all experience, and a constant desire to help and create solutions that will help young people and professionals who work with young people every day. This organization is also very supportive for the ideas that have real potential. I can see a sincere desire, great strength and true motivation to work. You are making a big impact.  \u201d\r\n                               <\/p>\r\n                                <p class=\"text-center\">\r\n                                <i>Denis Culahovic, Founder Moj Krug<\/i>\r\n                                <\/p>\r\n                            <\/div>\r\n\r\n                        \r\n                    <\/div>\r\n\r\n\r\n                    <div class=\"swiper-button-next after:content-none text-donkerblauw font-bold\"> <img decoding=\"async\" class=\"w-7 h-auto \"\r\n                                                                                     src=\"https:\/\/www.kinderperspectief.nl\/wp-content\/themes\/kinderperspectief\/images\/arrow-donkerblauw.svg\"\/> <\/div>\r\n                    <div class=\"swiper-button-prev after:content-none text-donkerblauw font-bold\"> <img decoding=\"async\" class=\"w-7 h-auto rotate-180\"\r\n                                                                                     src=\"https:\/\/www.kinderperspectief.nl\/wp-content\/themes\/kinderperspectief\/images\/arrow-donkerblauw.svg\"\/><\/div>\r\n\r\n                <\/div>\r\n\r\n\r\n                \r\n\r\n\r\n\r\n\r\n\r\n\r\n\r\n            <\/div>\r\n\r\n        <\/div>\r\n\r\n\r\n    <\/div>\r\n<\/div>\r\n\r\n\r\n\r\n\r\n\r\n\r\n\r\n<script type=\"module\">\r\n    const swiper = new Swiper(\".swiper-testimonials\", {\r\n        slidesPerView: \"auto\",\r\n        loop: false,\r\n        autoplay: false,\r\n        navigation: {\r\n            nextEl: \".swiper-button-next\",\r\n            prevEl: \".swiper-button-prev\",\r\n        },\r\n        grabCursor: true,\r\n\r\n    });\r\n<\/script>\r\n\r\n\n\n\r\n<div class=\"  vloed-blok clipper   partners-blok relative overflow-hidden w-full h-full bg-wit wit text- \">\r\n\r\n        <div class=\"anchor\" id=\"\"><\/div>\r\n    <div class=\"z-20 relative lg:container lg:mx-auto w-auto lg:max-w-screen-lg px-6 padding padding-top-1 padding-bottom-1\">\r\n\r\n        <div class=\"grid gap-y-8 lg:grid-cols-12 grid-cols-1\">\r\n\r\n            <div class=\" lg:col-span-12 py-16 \">\r\n\r\n\r\n                <h2 class=\"text-center text-groen\">\r\n\r\n                    We werken samen met: <\/h2>\r\n\r\n\r\n\r\n\r\n\r\n                                <div class=\"swiper overflow-visible relative swiper-partners \">\r\n                    <div class=\"swiper-wrapper swiper-wrapper ease-linear overflow-visible py-8 items-center gap-12 \">\r\n                        \r\n\r\n                            <div class=\" flex justify-center items-center swiper-slide post w-2\/5 md:w-[200px] relative\">\r\n\r\n                                                                <img decoding=\"async\" class=\"object-contain h-20 w-auto\" src=\"https:\/\/www.kinderperspectief.nl\/wp-content\/uploads\/2024\/03\/Erasmus_2.png\"\r\n                                     alt=\"\"\/>\r\n\r\n                            <\/div>\r\n\r\n\r\n\r\n                        \r\n\r\n                            <div class=\" flex justify-center items-center swiper-slide post w-2\/5 md:w-[200px] relative\">\r\n\r\n                                                                <img decoding=\"async\" class=\"object-contain h-20 w-auto\" src=\"https:\/\/www.kinderperspectief.nl\/wp-content\/uploads\/2024\/03\/Ministerie-VWS-logo.png\"\r\n                                     alt=\"\"\/>\r\n\r\n                            <\/div>\r\n\r\n\r\n\r\n                        \r\n\r\n                            <div class=\" flex justify-center items-center swiper-slide post w-2\/5 md:w-[200px] relative\">\r\n\r\n                                                                <img decoding=\"async\" class=\"object-contain h-20 w-auto\" src=\"https:\/\/www.kinderperspectief.nl\/wp-content\/uploads\/2024\/03\/Trias-Jeugdhulp-e1712071262245.png\"\r\n                                     alt=\"\"\/>\r\n\r\n                            <\/div>\r\n\r\n\r\n\r\n                        \r\n\r\n                            <div class=\" flex justify-center items-center swiper-slide post w-2\/5 md:w-[200px] relative\">\r\n\r\n                                                                <img decoding=\"async\" class=\"object-contain h-20 w-auto\" src=\"https:\/\/www.kinderperspectief.nl\/wp-content\/uploads\/2024\/03\/Windesheim_logo.png\"\r\n                                     alt=\"\"\/>\r\n\r\n                            <\/div>\r\n\r\n\r\n\r\n                        \r\n\r\n                            <div class=\" flex justify-center items-center swiper-slide post w-2\/5 md:w-[200px] relative\">\r\n\r\n                                                                <img decoding=\"async\" class=\"object-contain h-20 w-auto\" src=\"https:\/\/www.kinderperspectief.nl\/wp-content\/uploads\/2024\/04\/FICE_International_official_logo.png\"\r\n                                     alt=\"\"\/>\r\n\r\n                            <\/div>\r\n\r\n\r\n\r\n                        \r\n\r\n                            <div class=\" flex justify-center items-center swiper-slide post w-2\/5 md:w-[200px] relative\">\r\n\r\n                                                                <img decoding=\"async\" class=\"object-contain h-20 w-auto\" src=\"https:\/\/www.kinderperspectief.nl\/wp-content\/uploads\/2024\/04\/jwb-logo.png\"\r\n                                     alt=\"\"\/>\r\n\r\n                            <\/div>\r\n\r\n\r\n\r\n                        \r\n\r\n                            <div class=\" flex justify-center items-center swiper-slide post w-2\/5 md:w-[200px] relative\">\r\n\r\n                                                                <img decoding=\"async\" class=\"object-contain h-20 w-auto\" src=\"https:\/\/www.kinderperspectief.nl\/wp-content\/uploads\/2024\/04\/bcnn.png\"\r\n                                     alt=\"\"\/>\r\n\r\n                            <\/div>\r\n\r\n\r\n\r\n                        \r\n\r\n                            <div class=\" flex justify-center items-center swiper-slide post w-2\/5 md:w-[200px] relative\">\r\n\r\n                                                                <img decoding=\"async\" class=\"object-contain h-20 w-auto\" src=\"https:\/\/www.kinderperspectief.nl\/wp-content\/uploads\/2024\/04\/udruga-mastara.png\"\r\n                                     alt=\"\"\/>\r\n\r\n                            <\/div>\r\n\r\n\r\n\r\n                        \r\n                    <\/div>\r\n\r\n\r\n\r\n                <\/div>\r\n\r\n\r\n                \r\n\r\n\r\n\r\n\r\n\r\n\r\n\r\n            <\/div>\r\n\r\n        <\/div>\r\n\r\n\r\n    <\/div>\r\n<\/div>\r\n\r\n\r\n\r\n\r\n\r\n\r\n\r\n<script type=\"module\">\r\n    const swiper = new Swiper(\".swiper-partners\", {\r\n        slidesPerView: \"auto\",\r\n        loop: true,\r\n        centeredSlides: true,\r\n        speed: 6000,\r\n        autoplay: {\r\n            delay: 1,\r\n\r\n        },\r\n        grabCursor: true,\r\n\r\n    });\r\n<\/script>\r\n","protected":false},"excerpt":{"rendered":"","protected":false},"author":4,"featured_media":0,"parent":0,"menu_order":10,"comment_status":"closed","ping_status":"closed","template":"","meta":{"_acf_changed":false,"footnotes":""},"class_list":["post-453","page","type-page","status-publish","hentry"],"acf":[],"yoast_head":"<!-- This site is optimized with the Yoast SEO plugin v27.6 - https:\/\/yoast.com\/product\/yoast-seo-wordpress\/ -->\n<title>Homepage - Stichting Kinderperspectief<\/title>\n<meta name=\"robots\" content=\"index, follow, max-snippet:-1, max-image-preview:large, max-video-preview:-1\" \/>\n<link rel=\"canonical\" href=\"https:\/\/www.kinderperspectief.nl\/en\/\" \/>\n<meta property=\"og:locale\" content=\"en_US\" \/>\n<meta property=\"og:type\" content=\"article\" \/>\n<meta property=\"og:title\" content=\"Homepage - Stichting Kinderperspectief\" \/>\n<meta property=\"og:url\" content=\"https:\/\/www.kinderperspectief.nl\/en\/\" \/>\n<meta property=\"og:site_name\" content=\"Stichting Kinderperspectief\" \/>\n<meta property=\"article:modified_time\" content=\"2024-07-18T12:45:01+00:00\" \/>\n<meta name=\"twitter:card\" content=\"summary_large_image\" \/>\n<script type=\"application\/ld+json\" class=\"yoast-schema-graph\">{\"@context\":\"https:\\\/\\\/schema.org\",\"@graph\":[{\"@type\":\"WebPage\",\"@id\":\"https:\\\/\\\/www.kinderperspectief.nl\\\/\",\"url\":\"https:\\\/\\\/www.kinderperspectief.nl\\\/\",\"name\":\"Homepage - Stichting Kinderperspectief\",\"isPartOf\":{\"@id\":\"https:\\\/\\\/www.kinderperspectief.nl\\\/#website\"},\"datePublished\":\"2024-02-12T09:08:24+00:00\",\"dateModified\":\"2024-07-18T12:45:01+00:00\",\"breadcrumb\":{\"@id\":\"https:\\\/\\\/www.kinderperspectief.nl\\\/#breadcrumb\"},\"inLanguage\":\"en-US\",\"potentialAction\":[{\"@type\":\"ReadAction\",\"target\":[\"https:\\\/\\\/www.kinderperspectief.nl\\\/\"]}]},{\"@type\":\"BreadcrumbList\",\"@id\":\"https:\\\/\\\/www.kinderperspectief.nl\\\/#breadcrumb\",\"itemListElement\":[{\"@type\":\"ListItem\",\"position\":1,\"name\":\"Home\",\"item\":\"https:\\\/\\\/www.kinderperspectief.nl\\\/\"},{\"@type\":\"ListItem\",\"position\":2,\"name\":\"Homepage\"}]},{\"@type\":\"WebSite\",\"@id\":\"https:\\\/\\\/www.kinderperspectief.nl\\\/#website\",\"url\":\"https:\\\/\\\/www.kinderperspectief.nl\\\/\",\"name\":\"Stichting Kinderperspectief\",\"description\":\"\",\"potentialAction\":[{\"@type\":\"SearchAction\",\"target\":{\"@type\":\"EntryPoint\",\"urlTemplate\":\"https:\\\/\\\/www.kinderperspectief.nl\\\/?s={search_term_string}\"},\"query-input\":{\"@type\":\"PropertyValueSpecification\",\"valueRequired\":true,\"valueName\":\"search_term_string\"}}],\"inLanguage\":\"en-US\"}]}<\/script>\n<!-- \/ Yoast SEO plugin. -->","yoast_head_json":{"title":"Homepage - Children's Perspective Foundation","robots":{"index":"index","follow":"follow","max-snippet":"max-snippet:-1","max-image-preview":"max-image-preview:large","max-video-preview":"max-video-preview:-1"},"canonical":"https:\/\/www.kinderperspectief.nl\/en\/","og_locale":"en_US","og_type":"article","og_title":"Homepage - Stichting Kinderperspectief","og_url":"https:\/\/www.kinderperspectief.nl\/en\/","og_site_name":"Stichting Kinderperspectief","article_modified_time":"2024-07-18T12:45:01+00:00","twitter_card":"summary_large_image","schema":{"@context":"https:\/\/schema.org","@graph":[{"@type":"WebPage","@id":"https:\/\/www.kinderperspectief.nl\/","url":"https:\/\/www.kinderperspectief.nl\/","name":"Homepage - Children's Perspective Foundation","isPartOf":{"@id":"https:\/\/www.kinderperspectief.nl\/#website"},"datePublished":"2024-02-12T09:08:24+00:00","dateModified":"2024-07-18T12:45:01+00:00","breadcrumb":{"@id":"https:\/\/www.kinderperspectief.nl\/#breadcrumb"},"inLanguage":"en-US","potentialAction":[{"@type":"ReadAction","target":["https:\/\/www.kinderperspectief.nl\/"]}]},{"@type":"BreadcrumbList","@id":"https:\/\/www.kinderperspectief.nl\/#breadcrumb","itemListElement":[{"@type":"ListItem","position":1,"name":"Home","item":"https:\/\/www.kinderperspectief.nl\/"},{"@type":"ListItem","position":2,"name":"Homepage"}]},{"@type":"WebSite","@id":"https:\/\/www.kinderperspectief.nl\/#website","url":"https:\/\/www.kinderperspectief.nl\/","name":"Stichting Kinderperspectief","description":"","potentialAction":[{"@type":"SearchAction","target":{"@type":"EntryPoint","urlTemplate":"https:\/\/www.kinderperspectief.nl\/?s={search_term_string}"},"query-input":{"@type":"PropertyValueSpecification","valueRequired":true,"valueName":"search_term_string"}}],"inLanguage":"en-US"}]}},"_links":{"self":[{"href":"https:\/\/www.kinderperspectief.nl\/en\/wp-json\/wp\/v2\/pages\/453","targetHints":{"allow":["GET"]}}],"collection":[{"href":"https:\/\/www.kinderperspectief.nl\/en\/wp-json\/wp\/v2\/pages"}],"about":[{"href":"https:\/\/www.kinderperspectief.nl\/en\/wp-json\/wp\/v2\/types\/page"}],"author":[{"embeddable":true,"href":"https:\/\/www.kinderperspectief.nl\/en\/wp-json\/wp\/v2\/users\/4"}],"replies":[{"embeddable":true,"href":"https:\/\/www.kinderperspectief.nl\/en\/wp-json\/wp\/v2\/comments?post=453"}],"version-history":[{"count":157,"href":"https:\/\/www.kinderperspectief.nl\/en\/wp-json\/wp\/v2\/pages\/453\/revisions"}],"predecessor-version":[{"id":1568,"href":"https:\/\/www.kinderperspectief.nl\/en\/wp-json\/wp\/v2\/pages\/453\/revisions\/1568"}],"wp:attachment":[{"href":"https:\/\/www.kinderperspectief.nl\/en\/wp-json\/wp\/v2\/media?parent=453"}],"curies":[{"name":"wp","href":"https:\/\/api.w.org\/{rel}","templated":true}]}}